{"id":7098,"date":"2021-11-17T17:01:36","date_gmt":"2021-11-17T17:01:36","guid":{"rendered":"http:\/\/cantravinou.com\/?page_id=7098"},"modified":"2022-02-14T17:28:58","modified_gmt":"2022-02-14T17:28:58","slug":"sobre-nosotros","status":"publish","type":"page","link":"https:\/\/cantravinou.com\/es\/sobre-nosotros\/","title":{"rendered":"Sobre nosotros"},"content":{"rendered":"\t\t<div data-elementor-type=\"wp-page\" data-elementor-id=\"7098\" class=\"elementor elementor-7098\">\n\t\t\t\t\t\t<section class=\"has_eae_slider elementor-section elementor-top-section elementor-element elementor-element-01b6341 eltdf-elementor-row-grid-section title-responsive elementor-section-boxed elementor-section-height-default elementor-section-height-default eltdf-parallax-row-no eltdf-content-aligment-left eltdf-disabled-bg-image-bellow-no\" data-eae-slider=\"48746\" data-id=\"01b6341\" data-element_type=\"section\">\n\t\t\t\t\t\t<div class=\"elementor-container elementor-column-gap-default\">\n\t\t\t\t\t<div class=\"has_eae_slider elementor-column elementor-col-100 elementor-top-column elementor-element elementor-element-be29d4a\" data-eae-slider=\"34861\" data-id=\"be29d4a\" data-element_type=\"column\">\n\t\t\t<div class=\"elementor-widget-wrap elementor-element-populated\">\n\t\t\t\t\t\t<div class=\"elementor-element elementor-element-106e392 elementor-widget elementor-widget-heading\" data-id=\"106e392\" data-element_type=\"widget\" data-widget_type=\"heading.default\">\n\t\t\t\t<div class=\"elementor-widget-container\">\n\t\t\t\t\t<h3 class=\"elementor-heading-title elementor-size-default\">Sobre nosotros<\/h3>\t\t\t\t<\/div>\n\t\t\t\t<\/div>\n\t\t\t\t\t<\/div>\n\t\t<\/div>\n\t\t\t\t\t<\/div>\n\t\t<\/section>\n\t\t\t\t<section class=\"has_eae_slider elementor-section elementor-top-section elementor-element elementor-element-eaacb49 eltdf-elementor-row-grid-section elementor-section-boxed elementor-section-height-default elementor-section-height-default eltdf-parallax-row-no eltdf-content-aligment-left eltdf-disabled-bg-image-bellow-no\" data-eae-slider=\"13208\" data-id=\"eaacb49\" data-element_type=\"section\">\n\t\t\t\t\t\t<div class=\"elementor-container elementor-column-gap-default\">\n\t\t\t\t\t<div class=\"has_eae_slider elementor-column elementor-col-100 elementor-top-column elementor-element elementor-element-7f8421e\" data-eae-slider=\"84781\" data-id=\"7f8421e\" data-element_type=\"column\">\n\t\t\t<div class=\"elementor-widget-wrap elementor-element-populated\">\n\t\t\t\t\t\t<div class=\"elementor-element elementor-element-431ebd0 elementor-widget elementor-widget-heading\" data-id=\"431ebd0\" data-element_type=\"widget\" data-widget_type=\"heading.default\">\n\t\t\t\t<div class=\"elementor-widget-container\">\n\t\t\t\t\t<h3 class=\"elementor-heading-title elementor-size-default\">Tere, la esencia de esta familia<\/h3>\t\t\t\t<\/div>\n\t\t\t\t<\/div>\n\t\t\t\t<div class=\"elementor-element elementor-element-fb08db7 elementor-widget elementor-widget-image\" data-id=\"fb08db7\" data-element_type=\"widget\" data-widget_type=\"image.default\">\n\t\t\t\t<div class=\"elementor-widget-container\">\n\t\t\t\t\t\t\t\t\t\t\t\t\t\t\t<img fetchpriority=\"high\" decoding=\"async\" width=\"1000\" height=\"667\" src=\"https:\/\/cantravinou.com\/wp-content\/uploads\/2021\/10\/CanTraviNou-40.jpg\" class=\"attachment-large size-large wp-image-6395\" alt=\"\" srcset=\"https:\/\/cantravinou.com\/wp-content\/uploads\/2021\/10\/CanTraviNou-40.jpg 1000w, https:\/\/cantravinou.com\/wp-content\/uploads\/2021\/10\/CanTraviNou-40-300x200.jpg 300w, https:\/\/cantravinou.com\/wp-content\/uploads\/2021\/10\/CanTraviNou-40-768x512.jpg 768w\" sizes=\"(max-width: 1000px) 100vw, 1000px\" \/>\t\t\t\t\t\t\t\t\t\t\t\t\t\t\t<\/div>\n\t\t\t\t<\/div>\n\t\t\t\t\t<\/div>\n\t\t<\/div>\n\t\t\t\t\t<\/div>\n\t\t<\/section>\n\t\t\t\t<section class=\"has_eae_slider elementor-section elementor-top-section elementor-element elementor-element-d455674 elementor-section-boxed elementor-section-height-default elementor-section-height-default eltdf-parallax-row-no eltdf-content-aligment-left eltdf-elementor-row-grid-no eltdf-disabled-bg-image-bellow-no\" data-eae-slider=\"96300\" data-id=\"d455674\" data-element_type=\"section\">\n\t\t\t\t\t\t<div class=\"elementor-container elementor-column-gap-default\">\n\t\t\t\t\t<div class=\"has_eae_slider elementor-column elementor-col-100 elementor-top-column elementor-element elementor-element-18fe2db\" data-eae-slider=\"26272\" data-id=\"18fe2db\" data-element_type=\"column\">\n\t\t\t<div class=\"elementor-widget-wrap elementor-element-populated\">\n\t\t\t\t\t\t<div class=\"elementor-element elementor-element-0ac6cf1 elementor-widget elementor-widget-text-editor\" data-id=\"0ac6cf1\" data-element_type=\"widget\" data-widget_type=\"text-editor.default\">\n\t\t\t\t<div class=\"elementor-widget-container\">\n\t\t\t\t\t\t\t\t\t<strong>Josep Soler<\/strong> y <strong>Teresa Ribatallada<\/strong> iniciaron su actividad empresarial en el a\u00f1o 1982 con el restaurante Can Travi Nou, una mas\u00eda del siglo XVII, propiedad de la familia, que fue reformada y acondicionada para poder albergar el negocio, que r\u00e1pidamente se convirti\u00f3 en un local de referencia de la ciudad.\n<br><br>\nA d\u00eda de hoy, con las mismas ganas que sus padres, se suman a seguir su legado m\u00e1s preciado, sus hijos, Pepe y Mariona.\n<br><br>\nEl \u00e9xito les anim\u00f3 a extender el negocio con otros restaurantes, sin perder nunca la esencia familiar. A Can Travi Nou le sucedieron El Pintor (1986), Can Cortada (1994) y El Xalet de Montju\u00efc (2004).\n<br><br>\nSu gastronom\u00eda tiene sus ra\u00edces en la cocina tradicional catalana con productos de la mejor calidad.\n<br><br>\nCon el devenir de los a\u00f1os se ha conseguido formar un equipo que ha logrado transmitir y mantener el esp\u00edritu familiar que impregna el ambiente de la empresa.\n<br><br>\nSi seguimos aqu\u00ed, es <u>gracias a ti<\/u>.\t\t\t\t\t\t\t\t<\/div>\n\t\t\t\t<\/div>\n\t\t\t\t\t<\/div>\n\t\t<\/div>\n\t\t\t\t\t<\/div>\n\t\t<\/section>\n\t\t\t\t<\/div>\n\t\t","protected":false},"excerpt":{"rendered":"<p>Sobre nosotros Tere, la esencia de esta familia Josep Soler y Teresa Ribatallada iniciaron su actividad empresarial en el a\u00f1o 1982 con el restaurante Can Travi Nou, una mas\u00eda del siglo XVII, propiedad de la familia, que fue reformada y [&hellip;]<\/p>\n","protected":false},"author":1,"featured_media":0,"parent":0,"menu_order":0,"comment_status":"closed","ping_status":"closed","template":"","meta":{"footnotes":""},"class_list":["post-7098","page","type-page","status-publish","hentry"],"yoast_head":"<!-- This site is optimized with the Yoast SEO plugin v27.4 - https:\/\/yoast.com\/product\/yoast-seo-wordpress\/ -->\n<title>Sobre nosotros - Can Travi Nou<\/title>\n<meta name=\"description\" content=\"Josep Soler y Teresa Ribatallada iniciaron su actividad empresarial en el a\u00f1o 1982 con el restaurante Can Travi Nou.\" \/>\n<meta name=\"robots\" content=\"index, follow, max-snippet:-1, max-image-preview:large, max-video-preview:-1\" \/>\n<link rel=\"canonical\" href=\"https:\/\/cantravinou.com\/es\/sobre-nosotros\/\" \/>\n<meta property=\"og:locale\" content=\"es_ES\" \/>\n<meta property=\"og:type\" content=\"article\" \/>\n<meta property=\"og:title\" content=\"Qu\u00e9 es Can Travi Nou\" \/>\n<meta property=\"og:description\" content=\"Josep Soler y Teresa Ribatallada iniciaron su actividad empresarial en el a\u00f1o 1982 con el restaurante Can Travi Nou.\" \/>\n<meta property=\"og:url\" content=\"https:\/\/cantravinou.com\/es\/sobre-nosotros\/\" \/>\n<meta property=\"og:site_name\" content=\"Can Travi Nou\" \/>\n<meta property=\"article:publisher\" content=\"https:\/\/www.facebook.com\/cantravinou\/\" \/>\n<meta property=\"article:modified_time\" content=\"2022-02-14T17:28:58+00:00\" \/>\n<meta property=\"og:image\" content=\"https:\/\/cantravinou.com\/wp-content\/uploads\/2021\/11\/SobreNosaltres_Tere.jpg\" \/>\n\t<meta property=\"og:image:width\" content=\"2000\" \/>\n\t<meta property=\"og:image:height\" content=\"1333\" \/>\n\t<meta property=\"og:image:type\" content=\"image\/jpeg\" \/>\n<meta name=\"twitter:card\" content=\"summary_large_image\" \/>\n<meta name=\"twitter:title\" content=\"Qu\u00e9 es Can Travi Nou\" \/>\n<meta name=\"twitter:description\" content=\"Josep Soler y Teresa Ribatallada iniciaron su actividad empresarial en el a\u00f1o 1982 con el restaurante Can Travi Nou.\" \/>\n<meta name=\"twitter:image\" content=\"https:\/\/cantravinou.com\/wp-content\/uploads\/2021\/11\/SobreNosaltres_Tere.jpg\" \/>\n<meta name=\"twitter:label1\" content=\"Tiempo de lectura\" \/>\n\t<meta name=\"twitter:data1\" content=\"1 minuto\" \/>\n<script type=\"application\/ld+json\" class=\"yoast-schema-graph\">{\"@context\":\"https:\\\/\\\/schema.org\",\"@graph\":[{\"@type\":\"WebPage\",\"@id\":\"https:\\\/\\\/cantravinou.com\\\/es\\\/sobre-nosotros\\\/\",\"url\":\"https:\\\/\\\/cantravinou.com\\\/es\\\/sobre-nosotros\\\/\",\"name\":\"Sobre nosotros - Can Travi Nou\",\"isPartOf\":{\"@id\":\"https:\\\/\\\/cantravinou.com\\\/es\\\/#website\"},\"primaryImageOfPage\":{\"@id\":\"https:\\\/\\\/cantravinou.com\\\/es\\\/sobre-nosotros\\\/#primaryimage\"},\"image\":{\"@id\":\"https:\\\/\\\/cantravinou.com\\\/es\\\/sobre-nosotros\\\/#primaryimage\"},\"thumbnailUrl\":\"https:\\\/\\\/cantravinou.com\\\/wp-content\\\/uploads\\\/2021\\\/10\\\/CanTraviNou-40.jpg\",\"datePublished\":\"2021-11-17T17:01:36+00:00\",\"dateModified\":\"2022-02-14T17:28:58+00:00\",\"description\":\"Josep Soler y Teresa Ribatallada iniciaron su actividad empresarial en el a\u00f1o 1982 con el restaurante Can Travi Nou.\",\"breadcrumb\":{\"@id\":\"https:\\\/\\\/cantravinou.com\\\/es\\\/sobre-nosotros\\\/#breadcrumb\"},\"inLanguage\":\"es\",\"potentialAction\":[{\"@type\":\"ReadAction\",\"target\":[\"https:\\\/\\\/cantravinou.com\\\/es\\\/sobre-nosotros\\\/\"]}]},{\"@type\":\"ImageObject\",\"inLanguage\":\"es\",\"@id\":\"https:\\\/\\\/cantravinou.com\\\/es\\\/sobre-nosotros\\\/#primaryimage\",\"url\":\"https:\\\/\\\/cantravinou.com\\\/wp-content\\\/uploads\\\/2021\\\/10\\\/CanTraviNou-40.jpg\",\"contentUrl\":\"https:\\\/\\\/cantravinou.com\\\/wp-content\\\/uploads\\\/2021\\\/10\\\/CanTraviNou-40.jpg\"},{\"@type\":\"BreadcrumbList\",\"@id\":\"https:\\\/\\\/cantravinou.com\\\/es\\\/sobre-nosotros\\\/#breadcrumb\",\"itemListElement\":[{\"@type\":\"ListItem\",\"position\":1,\"name\":\"Portada\",\"item\":\"https:\\\/\\\/cantravinou.com\\\/es\\\/\"},{\"@type\":\"ListItem\",\"position\":2,\"name\":\"Sobre nosotros\"}]},{\"@type\":\"WebSite\",\"@id\":\"https:\\\/\\\/cantravinou.com\\\/es\\\/#website\",\"url\":\"https:\\\/\\\/cantravinou.com\\\/es\\\/\",\"name\":\"Can Travi Nou\",\"description\":\"\",\"publisher\":{\"@id\":\"https:\\\/\\\/cantravinou.com\\\/es\\\/#organization\"},\"potentialAction\":[{\"@type\":\"SearchAction\",\"target\":{\"@type\":\"EntryPoint\",\"urlTemplate\":\"https:\\\/\\\/cantravinou.com\\\/es\\\/?s={search_term_string}\"},\"query-input\":{\"@type\":\"PropertyValueSpecification\",\"valueRequired\":true,\"valueName\":\"search_term_string\"}}],\"inLanguage\":\"es\"},{\"@type\":\"Organization\",\"@id\":\"https:\\\/\\\/cantravinou.com\\\/es\\\/#organization\",\"name\":\"Can Travi Nou\",\"url\":\"https:\\\/\\\/cantravinou.com\\\/es\\\/\",\"logo\":{\"@type\":\"ImageObject\",\"inLanguage\":\"es\",\"@id\":\"https:\\\/\\\/cantravinou.com\\\/es\\\/#\\\/schema\\\/logo\\\/image\\\/\",\"url\":\"https:\\\/\\\/cantravinou.com\\\/wp-content\\\/uploads\\\/2021\\\/09\\\/logo.png\",\"contentUrl\":\"https:\\\/\\\/cantravinou.com\\\/wp-content\\\/uploads\\\/2021\\\/09\\\/logo.png\",\"width\":203,\"height\":203,\"caption\":\"Can Travi Nou\"},\"image\":{\"@id\":\"https:\\\/\\\/cantravinou.com\\\/es\\\/#\\\/schema\\\/logo\\\/image\\\/\"},\"sameAs\":[\"https:\\\/\\\/www.facebook.com\\\/cantravinou\\\/\",\"https:\\\/\\\/www.instagram.com\\\/cantravinou\\\/\"]}]}<\/script>\n<!-- \/ Yoast SEO plugin. -->","yoast_head_json":{"title":"Sobre nosotros - Can Travi Nou","description":"Josep Soler y Teresa Ribatallada iniciaron su actividad empresarial en el a\u00f1o 1982 con el restaurante Can Travi Nou.","robots":{"index":"index","follow":"follow","max-snippet":"max-snippet:-1","max-image-preview":"max-image-preview:large","max-video-preview":"max-video-preview:-1"},"canonical":"https:\/\/cantravinou.com\/es\/sobre-nosotros\/","og_locale":"es_ES","og_type":"article","og_title":"Qu\u00e9 es Can Travi Nou","og_description":"Josep Soler y Teresa Ribatallada iniciaron su actividad empresarial en el a\u00f1o 1982 con el restaurante Can Travi Nou.","og_url":"https:\/\/cantravinou.com\/es\/sobre-nosotros\/","og_site_name":"Can Travi Nou","article_publisher":"https:\/\/www.facebook.com\/cantravinou\/","article_modified_time":"2022-02-14T17:28:58+00:00","og_image":[{"width":2000,"height":1333,"url":"https:\/\/cantravinou.com\/wp-content\/uploads\/2021\/11\/SobreNosaltres_Tere.jpg","type":"image\/jpeg"}],"twitter_card":"summary_large_image","twitter_title":"Qu\u00e9 es Can Travi Nou","twitter_description":"Josep Soler y Teresa Ribatallada iniciaron su actividad empresarial en el a\u00f1o 1982 con el restaurante Can Travi Nou.","twitter_image":"https:\/\/cantravinou.com\/wp-content\/uploads\/2021\/11\/SobreNosaltres_Tere.jpg","twitter_misc":{"Tiempo de lectura":"1 minuto"},"schema":{"@context":"https:\/\/schema.org","@graph":[{"@type":"WebPage","@id":"https:\/\/cantravinou.com\/es\/sobre-nosotros\/","url":"https:\/\/cantravinou.com\/es\/sobre-nosotros\/","name":"Sobre nosotros - Can Travi Nou","isPartOf":{"@id":"https:\/\/cantravinou.com\/es\/#website"},"primaryImageOfPage":{"@id":"https:\/\/cantravinou.com\/es\/sobre-nosotros\/#primaryimage"},"image":{"@id":"https:\/\/cantravinou.com\/es\/sobre-nosotros\/#primaryimage"},"thumbnailUrl":"https:\/\/cantravinou.com\/wp-content\/uploads\/2021\/10\/CanTraviNou-40.jpg","datePublished":"2021-11-17T17:01:36+00:00","dateModified":"2022-02-14T17:28:58+00:00","description":"Josep Soler y Teresa Ribatallada iniciaron su actividad empresarial en el a\u00f1o 1982 con el restaurante Can Travi Nou.","breadcrumb":{"@id":"https:\/\/cantravinou.com\/es\/sobre-nosotros\/#breadcrumb"},"inLanguage":"es","potentialAction":[{"@type":"ReadAction","target":["https:\/\/cantravinou.com\/es\/sobre-nosotros\/"]}]},{"@type":"ImageObject","inLanguage":"es","@id":"https:\/\/cantravinou.com\/es\/sobre-nosotros\/#primaryimage","url":"https:\/\/cantravinou.com\/wp-content\/uploads\/2021\/10\/CanTraviNou-40.jpg","contentUrl":"https:\/\/cantravinou.com\/wp-content\/uploads\/2021\/10\/CanTraviNou-40.jpg"},{"@type":"BreadcrumbList","@id":"https:\/\/cantravinou.com\/es\/sobre-nosotros\/#breadcrumb","itemListElement":[{"@type":"ListItem","position":1,"name":"Portada","item":"https:\/\/cantravinou.com\/es\/"},{"@type":"ListItem","position":2,"name":"Sobre nosotros"}]},{"@type":"WebSite","@id":"https:\/\/cantravinou.com\/es\/#website","url":"https:\/\/cantravinou.com\/es\/","name":"Can Travi Nou","description":"","publisher":{"@id":"https:\/\/cantravinou.com\/es\/#organization"},"potentialAction":[{"@type":"SearchAction","target":{"@type":"EntryPoint","urlTemplate":"https:\/\/cantravinou.com\/es\/?s={search_term_string}"},"query-input":{"@type":"PropertyValueSpecification","valueRequired":true,"valueName":"search_term_string"}}],"inLanguage":"es"},{"@type":"Organization","@id":"https:\/\/cantravinou.com\/es\/#organization","name":"Can Travi Nou","url":"https:\/\/cantravinou.com\/es\/","logo":{"@type":"ImageObject","inLanguage":"es","@id":"https:\/\/cantravinou.com\/es\/#\/schema\/logo\/image\/","url":"https:\/\/cantravinou.com\/wp-content\/uploads\/2021\/09\/logo.png","contentUrl":"https:\/\/cantravinou.com\/wp-content\/uploads\/2021\/09\/logo.png","width":203,"height":203,"caption":"Can Travi Nou"},"image":{"@id":"https:\/\/cantravinou.com\/es\/#\/schema\/logo\/image\/"},"sameAs":["https:\/\/www.facebook.com\/cantravinou\/","https:\/\/www.instagram.com\/cantravinou\/"]}]}},"_links":{"self":[{"href":"https:\/\/cantravinou.com\/es\/wp-json\/wp\/v2\/pages\/7098","targetHints":{"allow":["GET"]}}],"collection":[{"href":"https:\/\/cantravinou.com\/es\/wp-json\/wp\/v2\/pages"}],"about":[{"href":"https:\/\/cantravinou.com\/es\/wp-json\/wp\/v2\/types\/page"}],"author":[{"embeddable":true,"href":"https:\/\/cantravinou.com\/es\/wp-json\/wp\/v2\/users\/1"}],"replies":[{"embeddable":true,"href":"https:\/\/cantravinou.com\/es\/wp-json\/wp\/v2\/comments?post=7098"}],"version-history":[{"count":1,"href":"https:\/\/cantravinou.com\/es\/wp-json\/wp\/v2\/pages\/7098\/revisions"}],"predecessor-version":[{"id":7904,"href":"https:\/\/cantravinou.com\/es\/wp-json\/wp\/v2\/pages\/7098\/revisions\/7904"}],"wp:attachment":[{"href":"https:\/\/cantravinou.com\/es\/wp-json\/wp\/v2\/media?parent=7098"}],"curies":[{"name":"wp","href":"https:\/\/api.w.org\/{rel}","templated":true}]}}