{"id":5629,"date":"2021-09-13T19:45:50","date_gmt":"2021-09-13T19:45:50","guid":{"rendered":"https:\/\/xaletdemontjuic.bcntic.com\/?page_id=5629"},"modified":"2022-02-21T16:06:38","modified_gmt":"2022-02-21T16:06:38","slug":"aviso-legal","status":"publish","type":"page","link":"https:\/\/cantravinou.com\/es\/aviso-legal\/","title":{"rendered":"Aviso Legal"},"content":{"rendered":"\t\t<div data-elementor-type=\"wp-page\" data-elementor-id=\"5629\" class=\"elementor elementor-5629\">\n\t\t\t\t\t\t<section class=\"has_eae_slider elementor-section elementor-top-section elementor-element elementor-element-afb8948 elementor-section-boxed elementor-section-height-default elementor-section-height-default eltdf-parallax-row-no eltdf-content-aligment-left eltdf-elementor-row-grid-no eltdf-disabled-bg-image-bellow-no\" data-eae-slider=\"428\" data-id=\"afb8948\" data-element_type=\"section\">\n\t\t\t\t\t\t<div class=\"elementor-container elementor-column-gap-default\">\n\t\t\t\t\t<div class=\"has_eae_slider elementor-column elementor-col-100 elementor-top-column elementor-element elementor-element-88fc898\" data-eae-slider=\"64166\" data-id=\"88fc898\" data-element_type=\"column\">\n\t\t\t<div class=\"elementor-widget-wrap elementor-element-populated\">\n\t\t\t\t\t\t<div class=\"elementor-element elementor-element-cfa7028 elementor-widget elementor-widget-heading\" data-id=\"cfa7028\" data-element_type=\"widget\" data-widget_type=\"heading.default\">\n\t\t\t\t<div class=\"elementor-widget-container\">\n\t\t\t\t\t<h2 class=\"elementor-heading-title elementor-size-default\">Aviso legal<\/h2>\t\t\t\t<\/div>\n\t\t\t\t<\/div>\n\t\t\t\t\t<\/div>\n\t\t<\/div>\n\t\t\t\t\t<\/div>\n\t\t<\/section>\n\t\t\t\t<section class=\"has_eae_slider elementor-section elementor-top-section elementor-element elementor-element-73d53b5 elementor-section-boxed elementor-section-height-default elementor-section-height-default eltdf-parallax-row-no eltdf-content-aligment-left eltdf-elementor-row-grid-no eltdf-disabled-bg-image-bellow-no\" data-eae-slider=\"1046\" data-id=\"73d53b5\" data-element_type=\"section\">\n\t\t\t\t\t\t<div class=\"elementor-container elementor-column-gap-default\">\n\t\t\t\t\t<div class=\"has_eae_slider elementor-column elementor-col-100 elementor-top-column elementor-element elementor-element-379b5e6\" data-eae-slider=\"7266\" data-id=\"379b5e6\" data-element_type=\"column\">\n\t\t\t<div class=\"elementor-widget-wrap elementor-element-populated\">\n\t\t\t\t\t\t<div class=\"elementor-element elementor-element-527b274 elementor-widget elementor-widget-text-editor\" data-id=\"527b274\" data-element_type=\"widget\" data-widget_type=\"text-editor.default\">\n\t\t\t\t<div class=\"elementor-widget-container\">\n\t\t\t\t\t\t\t\t\t<p>Esta web ha sido creada por CAN TRAVI NOU con car\u00e1cter informativo para su uso personal y gratuito.<\/p><p><strong>CAN TRAVI NOU<\/strong> en cumplimiento de la normativa vigente en materia de protecci\u00f3n de datos de car\u00e1cter personal Ley Org\u00e1nica 3\/2018 y en concordancia con lo expresado en el Reglamento (RGPDUE) 2016\/679 del Parlamento Europeo y del Consejo, as\u00ed como de la regulaci\u00f3n existente en materia de Servicios de la Sociedad de la Informaci\u00f3n y de Comercio Electr\u00f3nico Ley 34\/2002), pone en su conocimiento las presentes condiciones generales de uso que se aplican a todas las operaciones realizadas a trav\u00e9s de la web: WWW.CANTRAVINOU.COM<\/p><p>De acuerdo con la ley 34\/2002 de \u201cServicios de la Sociedad de Informaci\u00f3n y el Comercio Electr\u00f3nico\u201d en vigor desde julio de 2002, comunicamos que este sitio web pertenece a:<\/p><p>\u00a0<\/p><p><strong>Nombre fiscal de la sociedad<\/strong>: CAN TRAVI NOU SL<\/p><p><strong>CIF de la sociedad<\/strong>: B08904062<\/p><p><strong>Domicilio de la sociedad<\/strong>:\u00a0 FINAL CALLE JORGE MANRIQUE, S\/N\u00daM \u2013\u00a0 CP. 08035 BARCELONA<\/p><p><strong>Tel\u00e9fono<\/strong>: +34 93 428 03 01<\/p><p><strong>Direcci\u00f3n de correo electr\u00f3nico de la sociedad<\/strong>: cantravinou@gruptravi.com<\/p><p><strong>Datos legales y\/o registrales de la sociedad<\/strong>:<\/p><p>Inscrita en el:<\/p><p>Tomo 40265<\/p><p>Folio 122<\/p><p>Hoja B 103325<\/p><p>Registro Mercantil de\u00a0 Barcelona<\/p>\t\t\t\t\t\t\t\t<\/div>\n\t\t\t\t<\/div>\n\t\t\t\t\t<\/div>\n\t\t<\/div>\n\t\t\t\t\t<\/div>\n\t\t<\/section>\n\t\t\t\t<section class=\"has_eae_slider elementor-section elementor-top-section elementor-element elementor-element-7318f99 elementor-section-boxed elementor-section-height-default elementor-section-height-default eltdf-parallax-row-no eltdf-content-aligment-left eltdf-elementor-row-grid-no eltdf-disabled-bg-image-bellow-no\" data-eae-slider=\"76825\" data-id=\"7318f99\" data-element_type=\"section\">\n\t\t\t\t\t\t<div class=\"elementor-container elementor-column-gap-default\">\n\t\t\t\t\t<div class=\"has_eae_slider elementor-column elementor-col-100 elementor-top-column elementor-element elementor-element-d4f5b2a\" data-eae-slider=\"50702\" data-id=\"d4f5b2a\" data-element_type=\"column\">\n\t\t\t<div class=\"elementor-widget-wrap elementor-element-populated\">\n\t\t\t\t\t\t<div class=\"elementor-element elementor-element-2f9497f elementor-widget elementor-widget-text-editor\" data-id=\"2f9497f\" data-element_type=\"widget\" data-widget_type=\"text-editor.default\">\n\t\t\t\t<div class=\"elementor-widget-container\">\n\t\t\t\t\t\t\t\t\t<p><strong>CONDICIONES DE USO<\/strong><\/p><ol><li><strong>a) Utilizaci\u00f3n l\u00edcita <\/strong><\/li><\/ol><p>El\/la usuario\/a de esta p\u00e1gina web y de sus servicios se obliga a realizar un uso conforme con las leyes y los usos del tr\u00e1fico, y se abstendr\u00e1 de utilizar la web y sus servicios con fines o efectos il\u00edcitos o que sean lesivos de los derechos e intereses de terceros, o que de cualquier forma puedan da\u00f1ar, inutilizar, sobrecargar o deteriorar la web y los servicios o impedir la normal utilizaci\u00f3n o disfrute de la web y de los servicios por parte de los usuarios. Quienes incumplan dicha obligaci\u00f3n responder\u00e1n, frente a CAN TRAVI NOU y frente a terceros, de cualesquiera da\u00f1os y perjuicios que pudieran causarse como consecuencia del incumplimiento de dicha obligaci\u00f3n.<\/p><ol><li><strong>b) Garant\u00eda de errores <\/strong><\/li><\/ol><p>CAN TRAVI NOU no garantiza la inexistencia de errores en el acceso a la web, o en su contenido; en el caso de que se citen o reproduzcan publicaciones de car\u00e1cter oficial, dicha reproducci\u00f3n tendr\u00e1 car\u00e1cter meramente informativo debiendo considerarse a todos los efectos como v\u00e1lida la publicaci\u00f3n en su bolet\u00edn o fuente oficial correspondiente.<\/p><ol><li><strong>c) Disponibilidad del servicio <\/strong><\/li><\/ol><p>CAN TRAVI NOU se reserva la facultad de efectuar, en cualquier momento y sin necesidad de previo aviso, modificaciones y actualizaciones sobre la informaci\u00f3n contenida en su web o en su configuraci\u00f3n o presentaci\u00f3n.<\/p><p>CAN TRAVI NOU\u00a0no garantiza la disponibilidad y continuidad del funcionamiento de la web y de los servicios. Cuando ello sea razonablemente posible, se advertir\u00e1 previamente las interrupciones en el funcionamiento de la web y de los servicios.<\/p><p>CAN TRAVI NOU\u00a0excluye cualquier responsabilidad por los da\u00f1os y perjuicios de toda naturaleza que puedan deberse a la falta de disponibilidad o de continuidad del funcionamiento de la web y de los servicios, a la defraudaci\u00f3n de la utilidad que los usuarios hubieren podido atribuir a la web y a los servicios, a la falibilidad de la web y de los servicios, y en particular, aunque no de modo exclusivo, a los fallos en el acceso a las distintas p\u00e1ginas web o a aquellas desde las que se prestan los servicios.<\/p><p><strong>Responsabilidad por el uso de la informaci\u00f3n contenida<\/strong><\/p><p>El\/la usuario\/a es consciente y acepta voluntariamente que el uso de la web, de los servicios y de los contenidos tiene lugar, en todo caso, bajo su \u00fanica y exclusiva responsabilidad. Tanto el acceso a la web, como el uso que pueda hacerse de la informaci\u00f3n contenida en el mismo son de la exclusiva responsabilidad de quien lo realiza. CAN TRAVI NOU no responder\u00e1 de ninguna consecuencia, da\u00f1o o perjuicio que pudieran derivarse de dicho acceso o uso de informaci\u00f3n ni de la aplicaci\u00f3n que de ellos se realice para apoyar cualquier opini\u00f3n o decisi\u00f3n personal o empresarial.CAN TRAVI NOU no asume responsabilidad alguna derivada de la conexi\u00f3n o contenidos de los enlaces de terceros a los que se hace referencia en la web.<\/p><p><strong>Propiedad intelectual<\/strong><\/p><p>Los derechos de propiedad intelectual de la web, as\u00ed como de sus distintos contenidos son titularidad de CAN TRAVI NOU.<\/p><p>Queda terminantemente prohibido realizar cualquier alteraci\u00f3n de esta p\u00e1gina. CAN TRAVI NOU no asume ninguna responsabilidad que se pueda derivar de manipulaciones o alteraciones no autorizadas. CAN TRAVI NOU no concede ninguna licencia o autorizaci\u00f3n de uso de ning\u00fan tipo sobre sus derechos de propiedad industrial e intelectual o sobre cualquier otra propiedad o derecho relacionado con la web, los servicios o los contenidos.<\/p><p>Queda prohibida la reproducci\u00f3n total o parcial de los contenidos de esta web sin citar su origen o sin solicitar autorizaci\u00f3n expresa para ello. La utilizaci\u00f3n no autorizada de la informaci\u00f3n contenida en esta web, as\u00ed como los perjuicios ocasionados en los derechos de propiedad intelectual e industrial de CAN TRAVI NOU dar\u00e1 lugar al ejercicio de las acciones que correspondan y, en su caso, a las responsabilidades que de dicho ejercicio se deriven.<\/p><p><strong>Protecci\u00f3n de Datos de Car\u00e1cter Personal<\/strong><\/p><p>En los supuestos en los que para acceder a alguna de las p\u00e1ginas o servicios de CAN TRAVI NOU sea necesaria la recogida de datos de car\u00e1cter personal, se informa que los mismos ser\u00e1n tratados de conformidad con lo establecido en la normativa vigente relativa a la Protecci\u00f3n de Datos de Car\u00e1cter Personal y dem\u00e1s normas de desarrollo, conforme a lo establecido en el AVISO DE PRIVACIDAD DE ESTA WEB y al consentimiento que el\/la\/los usuarios deben aceptar previamente a efectuar cualquier tipo de comunicaci\u00f3n con CAN TRAVI NOU desde esta p\u00e1gina web.<\/p><p>En el caso de que nos facilite su direcci\u00f3n de correo electr\u00f3nico, se entiende que est\u00e1 prestando el consentimiento y aceptando este AVISO LEGAL y el AVISO DE PRIVACIDAD, para que la misma sea utilizada para el env\u00edo de comunicaciones relacionadas con los servicios prestados o a prestar y responder a sus consultas o peticiones por CAN TRAVI NOU.<\/p><p><strong>Ley aplicable y jurisdicci\u00f3n<\/strong><\/p><p>La utilizaci\u00f3n de esta p\u00e1gina web se rige por la ley espa\u00f1ola, con independencia del entorno legal del\/ de la usuario\/a. Cualquier disputa que pueda surgir en la interpretaci\u00f3n de estas condiciones se resolver\u00e1 en los tribunales del lugar donde tenga fijada su actividad CAN TRAVI NOU.<\/p>\t\t\t\t\t\t\t\t<\/div>\n\t\t\t\t<\/div>\n\t\t\t\t\t<\/div>\n\t\t<\/div>\n\t\t\t\t\t<\/div>\n\t\t<\/section>\n\t\t\t\t<\/div>\n\t\t","protected":false},"excerpt":{"rendered":"<p>Aviso legal Esta web ha sido creada por CAN TRAVI NOU con car\u00e1cter informativo para su uso personal y gratuito. CAN TRAVI NOU en cumplimiento de la normativa vigente en materia de protecci\u00f3n de datos de car\u00e1cter personal Ley Org\u00e1nica [&hellip;]<\/p>\n","protected":false},"author":1,"featured_media":0,"parent":0,"menu_order":0,"comment_status":"closed","ping_status":"closed","template":"","meta":{"footnotes":""},"class_list":["post-5629","page","type-page","status-publish","hentry"],"yoast_head":"<!-- This site is optimized with the Yoast SEO plugin v27.5 - https:\/\/yoast.com\/product\/yoast-seo-wordpress\/ -->\n<title>Aviso Legal - Can Travi Nou<\/title>\n<meta name=\"robots\" content=\"index, follow, max-snippet:-1, max-image-preview:large, max-video-preview:-1\" \/>\n<link rel=\"canonical\" href=\"https:\/\/cantravinou.com\/es\/aviso-legal\/\" \/>\n<meta property=\"og:locale\" content=\"es_ES\" \/>\n<meta property=\"og:type\" content=\"article\" \/>\n<meta property=\"og:title\" content=\"Aviso Legal - Can Travi Nou\" \/>\n<meta property=\"og:description\" content=\"Aviso legal Esta web ha sido creada por CAN TRAVI NOU con car\u00e1cter informativo para su uso personal y gratuito. CAN TRAVI NOU en cumplimiento de la normativa vigente en materia de protecci\u00f3n de datos de car\u00e1cter personal Ley Org\u00e1nica [&hellip;]\" \/>\n<meta property=\"og:url\" content=\"https:\/\/cantravinou.com\/es\/aviso-legal\/\" \/>\n<meta property=\"og:site_name\" content=\"Can Travi Nou\" \/>\n<meta property=\"article:publisher\" content=\"https:\/\/www.facebook.com\/cantravinou\/\" \/>\n<meta property=\"article:modified_time\" content=\"2022-02-21T16:06:38+00:00\" \/>\n<meta property=\"og:image\" content=\"https:\/\/cantravinou.com\/wp-content\/uploads\/2021\/11\/FACANA.jpg\" \/>\n\t<meta property=\"og:image:width\" content=\"1145\" \/>\n\t<meta property=\"og:image:height\" content=\"814\" \/>\n\t<meta property=\"og:image:type\" content=\"image\/jpeg\" \/>\n<meta name=\"twitter:card\" content=\"summary_large_image\" \/>\n<meta name=\"twitter:label1\" content=\"Tiempo de lectura\" \/>\n\t<meta name=\"twitter:data1\" content=\"5 minutos\" \/>\n<script type=\"application\/ld+json\" class=\"yoast-schema-graph\">{\"@context\":\"https:\\\/\\\/schema.org\",\"@graph\":[{\"@type\":\"WebPage\",\"@id\":\"https:\\\/\\\/cantravinou.com\\\/es\\\/aviso-legal\\\/\",\"url\":\"https:\\\/\\\/cantravinou.com\\\/es\\\/aviso-legal\\\/\",\"name\":\"Aviso Legal - Can Travi Nou\",\"isPartOf\":{\"@id\":\"https:\\\/\\\/cantravinou.com\\\/es\\\/#website\"},\"datePublished\":\"2021-09-13T19:45:50+00:00\",\"dateModified\":\"2022-02-21T16:06:38+00:00\",\"breadcrumb\":{\"@id\":\"https:\\\/\\\/cantravinou.com\\\/es\\\/aviso-legal\\\/#breadcrumb\"},\"inLanguage\":\"es\",\"potentialAction\":[{\"@type\":\"ReadAction\",\"target\":[\"https:\\\/\\\/cantravinou.com\\\/es\\\/aviso-legal\\\/\"]}]},{\"@type\":\"BreadcrumbList\",\"@id\":\"https:\\\/\\\/cantravinou.com\\\/es\\\/aviso-legal\\\/#breadcrumb\",\"itemListElement\":[{\"@type\":\"ListItem\",\"position\":1,\"name\":\"Portada\",\"item\":\"https:\\\/\\\/cantravinou.com\\\/es\\\/\"},{\"@type\":\"ListItem\",\"position\":2,\"name\":\"Aviso Legal\"}]},{\"@type\":\"WebSite\",\"@id\":\"https:\\\/\\\/cantravinou.com\\\/es\\\/#website\",\"url\":\"https:\\\/\\\/cantravinou.com\\\/es\\\/\",\"name\":\"Can Travi Nou\",\"description\":\"\",\"publisher\":{\"@id\":\"https:\\\/\\\/cantravinou.com\\\/es\\\/#organization\"},\"potentialAction\":[{\"@type\":\"SearchAction\",\"target\":{\"@type\":\"EntryPoint\",\"urlTemplate\":\"https:\\\/\\\/cantravinou.com\\\/es\\\/?s={search_term_string}\"},\"query-input\":{\"@type\":\"PropertyValueSpecification\",\"valueRequired\":true,\"valueName\":\"search_term_string\"}}],\"inLanguage\":\"es\"},{\"@type\":\"Organization\",\"@id\":\"https:\\\/\\\/cantravinou.com\\\/es\\\/#organization\",\"name\":\"Can Travi Nou\",\"url\":\"https:\\\/\\\/cantravinou.com\\\/es\\\/\",\"logo\":{\"@type\":\"ImageObject\",\"inLanguage\":\"es\",\"@id\":\"https:\\\/\\\/cantravinou.com\\\/es\\\/#\\\/schema\\\/logo\\\/image\\\/\",\"url\":\"https:\\\/\\\/cantravinou.com\\\/wp-content\\\/uploads\\\/2021\\\/09\\\/logo.png\",\"contentUrl\":\"https:\\\/\\\/cantravinou.com\\\/wp-content\\\/uploads\\\/2021\\\/09\\\/logo.png\",\"width\":203,\"height\":203,\"caption\":\"Can Travi Nou\"},\"image\":{\"@id\":\"https:\\\/\\\/cantravinou.com\\\/es\\\/#\\\/schema\\\/logo\\\/image\\\/\"},\"sameAs\":[\"https:\\\/\\\/www.facebook.com\\\/cantravinou\\\/\",\"https:\\\/\\\/www.instagram.com\\\/cantravinou\\\/\"]}]}<\/script>\n<!-- \/ Yoast SEO plugin. -->","yoast_head_json":{"title":"Aviso Legal - Can Travi Nou","robots":{"index":"index","follow":"follow","max-snippet":"max-snippet:-1","max-image-preview":"max-image-preview:large","max-video-preview":"max-video-preview:-1"},"canonical":"https:\/\/cantravinou.com\/es\/aviso-legal\/","og_locale":"es_ES","og_type":"article","og_title":"Aviso Legal - Can Travi Nou","og_description":"Aviso legal Esta web ha sido creada por CAN TRAVI NOU con car\u00e1cter informativo para su uso personal y gratuito. CAN TRAVI NOU en cumplimiento de la normativa vigente en materia de protecci\u00f3n de datos de car\u00e1cter personal Ley Org\u00e1nica [&hellip;]","og_url":"https:\/\/cantravinou.com\/es\/aviso-legal\/","og_site_name":"Can Travi Nou","article_publisher":"https:\/\/www.facebook.com\/cantravinou\/","article_modified_time":"2022-02-21T16:06:38+00:00","og_image":[{"width":1145,"height":814,"url":"https:\/\/cantravinou.com\/wp-content\/uploads\/2021\/11\/FACANA.jpg","type":"image\/jpeg"}],"twitter_card":"summary_large_image","twitter_misc":{"Tiempo de lectura":"5 minutos"},"schema":{"@context":"https:\/\/schema.org","@graph":[{"@type":"WebPage","@id":"https:\/\/cantravinou.com\/es\/aviso-legal\/","url":"https:\/\/cantravinou.com\/es\/aviso-legal\/","name":"Aviso Legal - Can Travi Nou","isPartOf":{"@id":"https:\/\/cantravinou.com\/es\/#website"},"datePublished":"2021-09-13T19:45:50+00:00","dateModified":"2022-02-21T16:06:38+00:00","breadcrumb":{"@id":"https:\/\/cantravinou.com\/es\/aviso-legal\/#breadcrumb"},"inLanguage":"es","potentialAction":[{"@type":"ReadAction","target":["https:\/\/cantravinou.com\/es\/aviso-legal\/"]}]},{"@type":"BreadcrumbList","@id":"https:\/\/cantravinou.com\/es\/aviso-legal\/#breadcrumb","itemListElement":[{"@type":"ListItem","position":1,"name":"Portada","item":"https:\/\/cantravinou.com\/es\/"},{"@type":"ListItem","position":2,"name":"Aviso Legal"}]},{"@type":"WebSite","@id":"https:\/\/cantravinou.com\/es\/#website","url":"https:\/\/cantravinou.com\/es\/","name":"Can Travi Nou","description":"","publisher":{"@id":"https:\/\/cantravinou.com\/es\/#organization"},"potentialAction":[{"@type":"SearchAction","target":{"@type":"EntryPoint","urlTemplate":"https:\/\/cantravinou.com\/es\/?s={search_term_string}"},"query-input":{"@type":"PropertyValueSpecification","valueRequired":true,"valueName":"search_term_string"}}],"inLanguage":"es"},{"@type":"Organization","@id":"https:\/\/cantravinou.com\/es\/#organization","name":"Can Travi Nou","url":"https:\/\/cantravinou.com\/es\/","logo":{"@type":"ImageObject","inLanguage":"es","@id":"https:\/\/cantravinou.com\/es\/#\/schema\/logo\/image\/","url":"https:\/\/cantravinou.com\/wp-content\/uploads\/2021\/09\/logo.png","contentUrl":"https:\/\/cantravinou.com\/wp-content\/uploads\/2021\/09\/logo.png","width":203,"height":203,"caption":"Can Travi Nou"},"image":{"@id":"https:\/\/cantravinou.com\/es\/#\/schema\/logo\/image\/"},"sameAs":["https:\/\/www.facebook.com\/cantravinou\/","https:\/\/www.instagram.com\/cantravinou\/"]}]}},"_links":{"self":[{"href":"https:\/\/cantravinou.com\/es\/wp-json\/wp\/v2\/pages\/5629","targetHints":{"allow":["GET"]}}],"collection":[{"href":"https:\/\/cantravinou.com\/es\/wp-json\/wp\/v2\/pages"}],"about":[{"href":"https:\/\/cantravinou.com\/es\/wp-json\/wp\/v2\/types\/page"}],"author":[{"embeddable":true,"href":"https:\/\/cantravinou.com\/es\/wp-json\/wp\/v2\/users\/1"}],"replies":[{"embeddable":true,"href":"https:\/\/cantravinou.com\/es\/wp-json\/wp\/v2\/comments?post=5629"}],"version-history":[{"count":3,"href":"https:\/\/cantravinou.com\/es\/wp-json\/wp\/v2\/pages\/5629\/revisions"}],"predecessor-version":[{"id":8007,"href":"https:\/\/cantravinou.com\/es\/wp-json\/wp\/v2\/pages\/5629\/revisions\/8007"}],"wp:attachment":[{"href":"https:\/\/cantravinou.com\/es\/wp-json\/wp\/v2\/media?parent=5629"}],"curies":[{"name":"wp","href":"https:\/\/api.w.org\/{rel}","templated":true}]}}