{"id":7107,"date":"2021-11-17T17:01:36","date_gmt":"2021-11-17T17:01:36","guid":{"rendered":"http:\/\/cantravinou.com\/sobre-nosotros\/"},"modified":"2022-02-16T16:56:10","modified_gmt":"2022-02-16T16:56:10","slug":"sobre-nosaltres","status":"publish","type":"page","link":"https:\/\/cantravinou.com\/ca\/sobre-nosaltres\/","title":{"rendered":"Sobre nosaltres"},"content":{"rendered":"\t\t<div data-elementor-type=\"wp-page\" data-elementor-id=\"7107\" class=\"elementor elementor-7107 elementor-7098\">\n\t\t\t\t\t\t<section class=\"has_eae_slider elementor-section elementor-top-section elementor-element elementor-element-01b6341 eltdf-elementor-row-grid-section title-responsive elementor-section-boxed elementor-section-height-default elementor-section-height-default eltdf-parallax-row-no eltdf-content-aligment-left eltdf-disabled-bg-image-bellow-no\" data-eae-slider=\"92986\" data-id=\"01b6341\" data-element_type=\"section\">\n\t\t\t\t\t\t<div class=\"elementor-container elementor-column-gap-default\">\n\t\t\t\t\t<div class=\"has_eae_slider elementor-column elementor-col-100 elementor-top-column elementor-element elementor-element-be29d4a\" data-eae-slider=\"89909\" data-id=\"be29d4a\" data-element_type=\"column\">\n\t\t\t<div class=\"elementor-widget-wrap elementor-element-populated\">\n\t\t\t\t\t\t<div class=\"elementor-element elementor-element-106e392 elementor-widget elementor-widget-heading\" data-id=\"106e392\" data-element_type=\"widget\" data-widget_type=\"heading.default\">\n\t\t\t\t<div class=\"elementor-widget-container\">\n\t\t\t\t\t<h3 class=\"elementor-heading-title elementor-size-default\">Sobre nosaltres<\/h3>\t\t\t\t<\/div>\n\t\t\t\t<\/div>\n\t\t\t\t\t<\/div>\n\t\t<\/div>\n\t\t\t\t\t<\/div>\n\t\t<\/section>\n\t\t\t\t<section class=\"has_eae_slider elementor-section elementor-top-section elementor-element elementor-element-eaacb49 eltdf-elementor-row-grid-section elementor-section-boxed elementor-section-height-default elementor-section-height-default eltdf-parallax-row-no eltdf-content-aligment-left eltdf-disabled-bg-image-bellow-no\" data-eae-slider=\"46879\" data-id=\"eaacb49\" data-element_type=\"section\">\n\t\t\t\t\t\t<div class=\"elementor-container elementor-column-gap-default\">\n\t\t\t\t\t<div class=\"has_eae_slider elementor-column elementor-col-100 elementor-top-column elementor-element elementor-element-7f8421e\" data-eae-slider=\"47029\" data-id=\"7f8421e\" data-element_type=\"column\">\n\t\t\t<div class=\"elementor-widget-wrap elementor-element-populated\">\n\t\t\t\t\t\t<div class=\"elementor-element elementor-element-431ebd0 elementor-widget elementor-widget-heading\" data-id=\"431ebd0\" data-element_type=\"widget\" data-widget_type=\"heading.default\">\n\t\t\t\t<div class=\"elementor-widget-container\">\n\t\t\t\t\t<h3 class=\"elementor-heading-title elementor-size-default\">Tere,  l'ess\u00e8ncia d'aquesta familia<\/h3>\t\t\t\t<\/div>\n\t\t\t\t<\/div>\n\t\t\t\t<div class=\"elementor-element elementor-element-fb08db7 elementor-widget elementor-widget-image\" data-id=\"fb08db7\" data-element_type=\"widget\" data-widget_type=\"image.default\">\n\t\t\t\t<div class=\"elementor-widget-container\">\n\t\t\t\t\t\t\t\t\t\t\t\t\t\t\t<img fetchpriority=\"high\" decoding=\"async\" width=\"1000\" height=\"667\" src=\"https:\/\/cantravinou.com\/wp-content\/uploads\/2021\/10\/CanTraviNou-40.jpg\" class=\"attachment-large size-large wp-image-6396\" alt=\"\" srcset=\"https:\/\/cantravinou.com\/wp-content\/uploads\/2021\/10\/CanTraviNou-40.jpg 1000w, https:\/\/cantravinou.com\/wp-content\/uploads\/2021\/10\/CanTraviNou-40-300x200.jpg 300w, https:\/\/cantravinou.com\/wp-content\/uploads\/2021\/10\/CanTraviNou-40-768x512.jpg 768w\" sizes=\"(max-width: 1000px) 100vw, 1000px\" \/>\t\t\t\t\t\t\t\t\t\t\t\t\t\t\t<\/div>\n\t\t\t\t<\/div>\n\t\t\t\t\t<\/div>\n\t\t<\/div>\n\t\t\t\t\t<\/div>\n\t\t<\/section>\n\t\t\t\t<section class=\"has_eae_slider elementor-section elementor-top-section elementor-element elementor-element-d455674 elementor-section-boxed elementor-section-height-default elementor-section-height-default eltdf-parallax-row-no eltdf-content-aligment-left eltdf-elementor-row-grid-no eltdf-disabled-bg-image-bellow-no\" data-eae-slider=\"4605\" data-id=\"d455674\" data-element_type=\"section\">\n\t\t\t\t\t\t<div class=\"elementor-container elementor-column-gap-default\">\n\t\t\t\t\t<div class=\"has_eae_slider elementor-column elementor-col-100 elementor-top-column elementor-element elementor-element-18fe2db\" data-eae-slider=\"56410\" data-id=\"18fe2db\" data-element_type=\"column\">\n\t\t\t<div class=\"elementor-widget-wrap elementor-element-populated\">\n\t\t\t\t\t\t<div class=\"elementor-element elementor-element-0ac6cf1 elementor-widget elementor-widget-text-editor\" data-id=\"0ac6cf1\" data-element_type=\"widget\" data-widget_type=\"text-editor.default\">\n\t\t\t\t<div class=\"elementor-widget-container\">\n\t\t\t\t\t\t\t\t\t<p><strong>Josep Soler<\/strong> i <strong>Teresa Ribatallada<\/strong> van iniciar la seva activitat empresarial l\u2019any 1982 amb el restaurant Can Travi Nou, una masia de segleXVII, propietat de la fam\u00edlia, que va ser reformada i condicionada per poder albergar el negoci, que r\u00e0pidament es va convertir en un local de refer\u00e8ncia de la ciutat.<br \/><br \/><br \/>A dia d\u2019avui, amb les mateixes ganes que els seus pares, se sumen a seguir el seu llegat m\u00e9s preuat, els seus fills, Pepe i Mariona.<br \/><br \/><br \/>L\u2019\u00e8xit els va animar a estendre el negoci amb altres restaurants, sense perdre mai l\u2019ess\u00e8ncia familiar. A Can Travi Nou li van succeir El Pintor (1986), Can Cortada (1994) i El Xalet de Montju\u00efc (2004).<br \/><br \/><br \/>La seva gastronomia t\u00e9 les arrels en la cuina tradicional catalana amb productes de la millor qualitat.<br \/><br \/><br \/>Amb l\u2019esdevenir dels anys s\u2019ha aconseguit formar un equip que ha aconseguit transmetre i mantenir l\u2019esperit familiar que impregna l\u2019ambient de l\u2019empresa.<br \/><br \/><br \/>Si seguim aqu\u00ed, \u00e9s <u>gr\u00e0cies a tu<\/u>.<\/p>\t\t\t\t\t\t\t\t<\/div>\n\t\t\t\t<\/div>\n\t\t\t\t\t<\/div>\n\t\t<\/div>\n\t\t\t\t\t<\/div>\n\t\t<\/section>\n\t\t\t\t<\/div>\n\t\t","protected":false},"excerpt":{"rendered":"<p>Sobre nosaltres Tere, l&#8217;ess\u00e8ncia d&#8217;aquesta familia Josep Soler i Teresa Ribatallada van iniciar la seva activitat empresarial l\u2019any 1982 amb el restaurant Can Travi Nou, una masia de segleXVII, propietat de la fam\u00edlia, que va ser reformada i condicionada per [&hellip;]<\/p>\n","protected":false},"author":1,"featured_media":0,"parent":0,"menu_order":0,"comment_status":"closed","ping_status":"closed","template":"","meta":{"footnotes":""},"class_list":["post-7107","page","type-page","status-publish","hentry"],"yoast_head":"<!-- This site is optimized with the Yoast SEO plugin v27.5 - https:\/\/yoast.com\/product\/yoast-seo-wordpress\/ -->\n<title>Sobre nosaltres - Can Travi Nou<\/title>\n<meta name=\"description\" content=\"Josep Soler i Teresa Ribatallada van iniciar la seva activitat empresarial l\u2019any 1982 amb el restaurant Can Travi Nou.\" \/>\n<meta name=\"robots\" content=\"index, follow, max-snippet:-1, max-image-preview:large, max-video-preview:-1\" \/>\n<link rel=\"canonical\" href=\"https:\/\/cantravinou.com\/ca\/sobre-nosaltres\/\" \/>\n<meta property=\"og:locale\" content=\"ca_ES\" \/>\n<meta property=\"og:type\" content=\"article\" \/>\n<meta property=\"og:title\" content=\"Qu\u00e9 es Can Travi Nou\" \/>\n<meta property=\"og:description\" content=\"Josep Soler i Teresa Ribatallada van iniciar la seva activitat empresarial l\u2019any 1982 amb el restaurant Can Travi Nou.\" \/>\n<meta property=\"og:url\" content=\"https:\/\/cantravinou.com\/ca\/sobre-nosaltres\/\" \/>\n<meta property=\"og:site_name\" content=\"Can Travi Nou\" \/>\n<meta property=\"article:publisher\" content=\"https:\/\/www.facebook.com\/cantravinou\/\" \/>\n<meta property=\"article:modified_time\" content=\"2022-02-16T16:56:10+00:00\" \/>\n<meta property=\"og:image\" content=\"https:\/\/cantravinou.com\/wp-content\/uploads\/2021\/11\/SobreNosaltres_Tere.jpg\" \/>\n\t<meta property=\"og:image:width\" content=\"2000\" \/>\n\t<meta property=\"og:image:height\" content=\"1333\" \/>\n\t<meta property=\"og:image:type\" content=\"image\/jpeg\" \/>\n<meta name=\"twitter:card\" content=\"summary_large_image\" \/>\n<meta name=\"twitter:title\" content=\"Qu\u00e9 es Can Travi Nou\" \/>\n<meta name=\"twitter:description\" content=\"Josep Soler i Teresa Ribatallada van iniciar la seva activitat empresarial l\u2019any 1982 amb el restaurant Can Travi Nou.\" \/>\n<meta name=\"twitter:image\" content=\"https:\/\/cantravinou.com\/wp-content\/uploads\/2021\/11\/SobreNosaltres_Tere.jpg\" \/>\n<meta name=\"twitter:label1\" content=\"Temps estimat de lectura\" \/>\n\t<meta name=\"twitter:data1\" content=\"2 minuts\" \/>\n<script type=\"application\/ld+json\" class=\"yoast-schema-graph\">{\"@context\":\"https:\\\/\\\/schema.org\",\"@graph\":[{\"@type\":\"WebPage\",\"@id\":\"https:\\\/\\\/cantravinou.com\\\/ca\\\/sobre-nosaltres\\\/\",\"url\":\"https:\\\/\\\/cantravinou.com\\\/ca\\\/sobre-nosaltres\\\/\",\"name\":\"Sobre nosaltres - Can Travi Nou\",\"isPartOf\":{\"@id\":\"https:\\\/\\\/cantravinou.com\\\/ca\\\/#website\"},\"primaryImageOfPage\":{\"@id\":\"https:\\\/\\\/cantravinou.com\\\/ca\\\/sobre-nosaltres\\\/#primaryimage\"},\"image\":{\"@id\":\"https:\\\/\\\/cantravinou.com\\\/ca\\\/sobre-nosaltres\\\/#primaryimage\"},\"thumbnailUrl\":\"https:\\\/\\\/cantravinou.com\\\/wp-content\\\/uploads\\\/2021\\\/10\\\/CanTraviNou-40.jpg\",\"datePublished\":\"2021-11-17T17:01:36+00:00\",\"dateModified\":\"2022-02-16T16:56:10+00:00\",\"description\":\"Josep Soler i Teresa Ribatallada van iniciar la seva activitat empresarial l\u2019any 1982 amb el restaurant Can Travi Nou.\",\"breadcrumb\":{\"@id\":\"https:\\\/\\\/cantravinou.com\\\/ca\\\/sobre-nosaltres\\\/#breadcrumb\"},\"inLanguage\":\"ca\",\"potentialAction\":[{\"@type\":\"ReadAction\",\"target\":[\"https:\\\/\\\/cantravinou.com\\\/ca\\\/sobre-nosaltres\\\/\"]}]},{\"@type\":\"ImageObject\",\"inLanguage\":\"ca\",\"@id\":\"https:\\\/\\\/cantravinou.com\\\/ca\\\/sobre-nosaltres\\\/#primaryimage\",\"url\":\"https:\\\/\\\/cantravinou.com\\\/wp-content\\\/uploads\\\/2021\\\/10\\\/CanTraviNou-40.jpg\",\"contentUrl\":\"https:\\\/\\\/cantravinou.com\\\/wp-content\\\/uploads\\\/2021\\\/10\\\/CanTraviNou-40.jpg\"},{\"@type\":\"BreadcrumbList\",\"@id\":\"https:\\\/\\\/cantravinou.com\\\/ca\\\/sobre-nosaltres\\\/#breadcrumb\",\"itemListElement\":[{\"@type\":\"ListItem\",\"position\":1,\"name\":\"Portada\",\"item\":\"https:\\\/\\\/cantravinou.com\\\/ca\\\/\"},{\"@type\":\"ListItem\",\"position\":2,\"name\":\"Sobre nosaltres\"}]},{\"@type\":\"WebSite\",\"@id\":\"https:\\\/\\\/cantravinou.com\\\/ca\\\/#website\",\"url\":\"https:\\\/\\\/cantravinou.com\\\/ca\\\/\",\"name\":\"Can Travi Nou\",\"description\":\"\",\"publisher\":{\"@id\":\"https:\\\/\\\/cantravinou.com\\\/ca\\\/#organization\"},\"potentialAction\":[{\"@type\":\"SearchAction\",\"target\":{\"@type\":\"EntryPoint\",\"urlTemplate\":\"https:\\\/\\\/cantravinou.com\\\/ca\\\/?s={search_term_string}\"},\"query-input\":{\"@type\":\"PropertyValueSpecification\",\"valueRequired\":true,\"valueName\":\"search_term_string\"}}],\"inLanguage\":\"ca\"},{\"@type\":\"Organization\",\"@id\":\"https:\\\/\\\/cantravinou.com\\\/ca\\\/#organization\",\"name\":\"Can Travi Nou\",\"url\":\"https:\\\/\\\/cantravinou.com\\\/ca\\\/\",\"logo\":{\"@type\":\"ImageObject\",\"inLanguage\":\"ca\",\"@id\":\"https:\\\/\\\/cantravinou.com\\\/ca\\\/#\\\/schema\\\/logo\\\/image\\\/\",\"url\":\"https:\\\/\\\/cantravinou.com\\\/wp-content\\\/uploads\\\/2021\\\/09\\\/logo.png\",\"contentUrl\":\"https:\\\/\\\/cantravinou.com\\\/wp-content\\\/uploads\\\/2021\\\/09\\\/logo.png\",\"width\":203,\"height\":203,\"caption\":\"Can Travi Nou\"},\"image\":{\"@id\":\"https:\\\/\\\/cantravinou.com\\\/ca\\\/#\\\/schema\\\/logo\\\/image\\\/\"},\"sameAs\":[\"https:\\\/\\\/www.facebook.com\\\/cantravinou\\\/\",\"https:\\\/\\\/www.instagram.com\\\/cantravinou\\\/\"]}]}<\/script>\n<!-- \/ Yoast SEO plugin. -->","yoast_head_json":{"title":"Sobre nosaltres - Can Travi Nou","description":"Josep Soler i Teresa Ribatallada van iniciar la seva activitat empresarial l\u2019any 1982 amb el restaurant Can Travi Nou.","robots":{"index":"index","follow":"follow","max-snippet":"max-snippet:-1","max-image-preview":"max-image-preview:large","max-video-preview":"max-video-preview:-1"},"canonical":"https:\/\/cantravinou.com\/ca\/sobre-nosaltres\/","og_locale":"ca_ES","og_type":"article","og_title":"Qu\u00e9 es Can Travi Nou","og_description":"Josep Soler i Teresa Ribatallada van iniciar la seva activitat empresarial l\u2019any 1982 amb el restaurant Can Travi Nou.","og_url":"https:\/\/cantravinou.com\/ca\/sobre-nosaltres\/","og_site_name":"Can Travi Nou","article_publisher":"https:\/\/www.facebook.com\/cantravinou\/","article_modified_time":"2022-02-16T16:56:10+00:00","og_image":[{"width":2000,"height":1333,"url":"https:\/\/cantravinou.com\/wp-content\/uploads\/2021\/11\/SobreNosaltres_Tere.jpg","type":"image\/jpeg"}],"twitter_card":"summary_large_image","twitter_title":"Qu\u00e9 es Can Travi Nou","twitter_description":"Josep Soler i Teresa Ribatallada van iniciar la seva activitat empresarial l\u2019any 1982 amb el restaurant Can Travi Nou.","twitter_image":"https:\/\/cantravinou.com\/wp-content\/uploads\/2021\/11\/SobreNosaltres_Tere.jpg","twitter_misc":{"Temps estimat de lectura":"2 minuts"},"schema":{"@context":"https:\/\/schema.org","@graph":[{"@type":"WebPage","@id":"https:\/\/cantravinou.com\/ca\/sobre-nosaltres\/","url":"https:\/\/cantravinou.com\/ca\/sobre-nosaltres\/","name":"Sobre nosaltres - Can Travi Nou","isPartOf":{"@id":"https:\/\/cantravinou.com\/ca\/#website"},"primaryImageOfPage":{"@id":"https:\/\/cantravinou.com\/ca\/sobre-nosaltres\/#primaryimage"},"image":{"@id":"https:\/\/cantravinou.com\/ca\/sobre-nosaltres\/#primaryimage"},"thumbnailUrl":"https:\/\/cantravinou.com\/wp-content\/uploads\/2021\/10\/CanTraviNou-40.jpg","datePublished":"2021-11-17T17:01:36+00:00","dateModified":"2022-02-16T16:56:10+00:00","description":"Josep Soler i Teresa Ribatallada van iniciar la seva activitat empresarial l\u2019any 1982 amb el restaurant Can Travi Nou.","breadcrumb":{"@id":"https:\/\/cantravinou.com\/ca\/sobre-nosaltres\/#breadcrumb"},"inLanguage":"ca","potentialAction":[{"@type":"ReadAction","target":["https:\/\/cantravinou.com\/ca\/sobre-nosaltres\/"]}]},{"@type":"ImageObject","inLanguage":"ca","@id":"https:\/\/cantravinou.com\/ca\/sobre-nosaltres\/#primaryimage","url":"https:\/\/cantravinou.com\/wp-content\/uploads\/2021\/10\/CanTraviNou-40.jpg","contentUrl":"https:\/\/cantravinou.com\/wp-content\/uploads\/2021\/10\/CanTraviNou-40.jpg"},{"@type":"BreadcrumbList","@id":"https:\/\/cantravinou.com\/ca\/sobre-nosaltres\/#breadcrumb","itemListElement":[{"@type":"ListItem","position":1,"name":"Portada","item":"https:\/\/cantravinou.com\/ca\/"},{"@type":"ListItem","position":2,"name":"Sobre nosaltres"}]},{"@type":"WebSite","@id":"https:\/\/cantravinou.com\/ca\/#website","url":"https:\/\/cantravinou.com\/ca\/","name":"Can Travi Nou","description":"","publisher":{"@id":"https:\/\/cantravinou.com\/ca\/#organization"},"potentialAction":[{"@type":"SearchAction","target":{"@type":"EntryPoint","urlTemplate":"https:\/\/cantravinou.com\/ca\/?s={search_term_string}"},"query-input":{"@type":"PropertyValueSpecification","valueRequired":true,"valueName":"search_term_string"}}],"inLanguage":"ca"},{"@type":"Organization","@id":"https:\/\/cantravinou.com\/ca\/#organization","name":"Can Travi Nou","url":"https:\/\/cantravinou.com\/ca\/","logo":{"@type":"ImageObject","inLanguage":"ca","@id":"https:\/\/cantravinou.com\/ca\/#\/schema\/logo\/image\/","url":"https:\/\/cantravinou.com\/wp-content\/uploads\/2021\/09\/logo.png","contentUrl":"https:\/\/cantravinou.com\/wp-content\/uploads\/2021\/09\/logo.png","width":203,"height":203,"caption":"Can Travi Nou"},"image":{"@id":"https:\/\/cantravinou.com\/ca\/#\/schema\/logo\/image\/"},"sameAs":["https:\/\/www.facebook.com\/cantravinou\/","https:\/\/www.instagram.com\/cantravinou\/"]}]}},"_links":{"self":[{"href":"https:\/\/cantravinou.com\/ca\/wp-json\/wp\/v2\/pages\/7107","targetHints":{"allow":["GET"]}}],"collection":[{"href":"https:\/\/cantravinou.com\/ca\/wp-json\/wp\/v2\/pages"}],"about":[{"href":"https:\/\/cantravinou.com\/ca\/wp-json\/wp\/v2\/types\/page"}],"author":[{"embeddable":true,"href":"https:\/\/cantravinou.com\/ca\/wp-json\/wp\/v2\/users\/1"}],"replies":[{"embeddable":true,"href":"https:\/\/cantravinou.com\/ca\/wp-json\/wp\/v2\/comments?post=7107"}],"version-history":[{"count":4,"href":"https:\/\/cantravinou.com\/ca\/wp-json\/wp\/v2\/pages\/7107\/revisions"}],"predecessor-version":[{"id":7989,"href":"https:\/\/cantravinou.com\/ca\/wp-json\/wp\/v2\/pages\/7107\/revisions\/7989"}],"wp:attachment":[{"href":"https:\/\/cantravinou.com\/ca\/wp-json\/wp\/v2\/media?parent=7107"}],"curies":[{"name":"wp","href":"https:\/\/api.w.org\/{rel}","templated":true}]}}