{"id":6964,"date":"2021-11-11T08:35:30","date_gmt":"2021-11-11T08:35:30","guid":{"rendered":"http:\/\/cantravinou.com\/bodas\/"},"modified":"2022-02-16T16:57:55","modified_gmt":"2022-02-16T16:57:55","slug":"casaments","status":"publish","type":"page","link":"https:\/\/cantravinou.com\/ca\/casaments\/","title":{"rendered":"Casaments"},"content":{"rendered":"\t\t<div data-elementor-type=\"wp-page\" data-elementor-id=\"6964\" class=\"elementor elementor-6964 elementor-6728\">\n\t\t\t\t\t\t<section class=\"has_eae_slider elementor-section elementor-top-section elementor-element elementor-element-c6c690b elementor-section-full_width elementor-section-height-min-height elementor-section-height-default elementor-section-items-middle eltdf-parallax-row-no eltdf-content-aligment-left eltdf-elementor-row-grid-no eltdf-disabled-bg-image-bellow-no\" data-eae-slider=\"69360\" data-id=\"c6c690b\" data-element_type=\"section\" data-settings=\"{&quot;background_background&quot;:&quot;classic&quot;}\">\n\t\t\t\t\t\t\t<div class=\"elementor-background-overlay\"><\/div>\n\t\t\t\t\t\t\t<div class=\"elementor-container elementor-column-gap-default\">\n\t\t\t\t\t<div class=\"has_eae_slider elementor-column elementor-col-100 elementor-top-column elementor-element elementor-element-79deaa6\" data-eae-slider=\"88936\" data-id=\"79deaa6\" data-element_type=\"column\">\n\t\t\t<div class=\"elementor-widget-wrap elementor-element-populated\">\n\t\t\t\t\t\t<div class=\"elementor-element elementor-element-3f6fb90 text-blanc-titol elementor-widget elementor-widget-eltdf_section_title\" data-id=\"3f6fb90\" data-element_type=\"widget\" data-widget_type=\"eltdf_section_title.default\">\n\t\t\t\t<div class=\"elementor-widget-container\">\n\t\t\t\t\t<div class=\"eltdf-section-title-holder    \" style=\"text-align: center\">\n\t<div class=\"eltdf-st-inner\">\n        \t\t            <div class=\"eltdf-st-title-holder\">\n                                <h1 class=\"eltdf-st-title\" >\n                    Casaments                <\/h1>\n                            <\/div>\n\t\t\t\t\t\t\t<\/div>\n<\/div>\t\t\t\t<\/div>\n\t\t\t\t<\/div>\n\t\t\t\t\t<\/div>\n\t\t<\/div>\n\t\t\t\t\t<\/div>\n\t\t<\/section>\n\t\t\t\t<section class=\"has_eae_slider elementor-section elementor-top-section elementor-element elementor-element-9eaf199 eltdf-elementor-row-grid-section elementor-section-boxed elementor-section-height-default elementor-section-height-default eltdf-parallax-row-no eltdf-content-aligment-left eltdf-disabled-bg-image-bellow-no\" data-eae-slider=\"32401\" data-id=\"9eaf199\" data-element_type=\"section\">\n\t\t\t\t\t\t<div class=\"elementor-container elementor-column-gap-default\">\n\t\t\t\t\t<div class=\"has_eae_slider elementor-column elementor-col-100 elementor-top-column elementor-element elementor-element-06f8d7f\" data-eae-slider=\"72940\" data-id=\"06f8d7f\" data-element_type=\"column\">\n\t\t\t<div class=\"elementor-widget-wrap elementor-element-populated\">\n\t\t\t\t\t\t<div class=\"elementor-element elementor-element-ed455eb elementor-widget elementor-widget-text-editor\" data-id=\"ed455eb\" data-element_type=\"widget\" data-widget_type=\"text-editor.default\">\n\t\t\t\t<div class=\"elementor-widget-container\">\n\t\t\t\t\t\t\t\t\t<p>A <strong>Can Travi Nou<\/strong> podreu gaudir d&#8217;una situaci\u00f3 privilegiada en una masia del segle XVII. La fa\u00e7ana plena de flors i les magn\u00edfiques i cuidades estades et traslladaran a una altra \u00e8poca. Sens dubte, un lloc \u00fanic i inoblidable per celebrar la millor festa de les vostres vides.<br \/><br \/>Deixeu els vostres convidats impressionats en un espai inigualable.<br \/><br \/>Des del primer moment tot el nostre equip estar\u00e0 al vostre costat perqu\u00e8 el casament sigui un somni fet realitat<\/p>\t\t\t\t\t\t\t\t<\/div>\n\t\t\t\t<\/div>\n\t\t\t\t\t<\/div>\n\t\t<\/div>\n\t\t\t\t\t<\/div>\n\t\t<\/section>\n\t\t\t\t<section class=\"has_eae_slider elementor-section elementor-top-section elementor-element elementor-element-6f21d46 elementor-section-full_width elementor-section-height-default elementor-section-height-default eltdf-parallax-row-no eltdf-content-aligment-left eltdf-elementor-row-grid-no eltdf-disabled-bg-image-bellow-no\" data-eae-slider=\"37306\" data-id=\"6f21d46\" data-element_type=\"section\">\n\t\t\t\t\t\t<div class=\"elementor-container elementor-column-gap-no\">\n\t\t\t\t\t<div class=\"has_eae_slider elementor-column elementor-col-100 elementor-top-column elementor-element elementor-element-b0246d5\" data-eae-slider=\"28498\" data-id=\"b0246d5\" data-element_type=\"column\">\n\t\t\t<div class=\"elementor-widget-wrap\">\n\t\t\t\t\t\t\t<\/div>\n\t\t<\/div>\n\t\t\t\t\t<\/div>\n\t\t<\/section>\n\t\t\t\t<section class=\"has_eae_slider elementor-section elementor-top-section elementor-element elementor-element-a4b1cb9 elementor-section-boxed elementor-section-height-default elementor-section-height-default eltdf-parallax-row-no eltdf-content-aligment-left eltdf-elementor-row-grid-no eltdf-disabled-bg-image-bellow-no\" data-eae-slider=\"40127\" data-id=\"a4b1cb9\" data-element_type=\"section\">\n\t\t\t\t\t\t<div class=\"elementor-container elementor-column-gap-default\">\n\t\t\t\t\t<div class=\"has_eae_slider elementor-column elementor-col-100 elementor-top-column elementor-element elementor-element-df438f5\" data-eae-slider=\"61632\" data-id=\"df438f5\" data-element_type=\"column\">\n\t\t\t<div class=\"elementor-widget-wrap elementor-element-populated\">\n\t\t\t\t\t\t<div class=\"elementor-element elementor-element-2ccf326 title-formularis title-responsive elementor-widget elementor-widget-eltdf_section_title\" data-id=\"2ccf326\" data-element_type=\"widget\" data-widget_type=\"eltdf_section_title.default\">\n\t\t\t\t<div class=\"elementor-widget-container\">\n\t\t\t\t\t<div class=\"eltdf-section-title-holder    \" style=\"text-align: center\">\n\t<div class=\"eltdf-st-inner\">\n        \t\t            <div class=\"eltdf-st-title-holder\">\n                                    <div class=\"decor\"><svg xmlns=\"http:\/\/www.w3.org\/2000\/svg\" width=\"41.125\" height=\"9.146\">\n                            <path fill=\"none\" stroke=\"#9C7C57\" stroke-miterlimit=\"10\" d=\"M40.881 8.576L20.562.591.244 8.576\"\/>\n                            <path fill=\"none\" stroke=\"#9C7C57\" stroke-miterlimit=\"10\" d=\"M40.881.591L20.562 8.576.243.591\"\/>\n                        <\/svg><\/div>\n                                <h1 class=\"eltdf-st-title\" >\n                    Formulari de contacte                <\/h1>\n                                    <div class=\"decor\"><svg xmlns=\"http:\/\/www.w3.org\/2000\/svg\" width=\"41.125\" height=\"9.146\">\n                            <path fill=\"none\" stroke=\"#9C7C57\" stroke-miterlimit=\"10\" d=\"M40.881 8.576L20.562.591.244 8.576\"\/>\n                            <path fill=\"none\" stroke=\"#9C7C57\" stroke-miterlimit=\"10\" d=\"M40.881.591L20.562 8.576.243.591\"\/>\n                        <\/svg><\/div>\n                            <\/div>\n\t\t\t\t\t\t\t<p class=\"eltdf-st-text\" >\n\t\t\t\tPer contactar o sol\u00b7licitar informaci\u00f3 sobre els\nnostres serveis, empleneu el seg\u00fcent formulari\t\t\t<\/p>\n\t\t\t\t\t<\/div>\n<\/div>\t\t\t\t<\/div>\n\t\t\t\t<\/div>\n\t\t\t\t\t<\/div>\n\t\t<\/div>\n\t\t\t\t\t<\/div>\n\t\t<\/section>\n\t\t\t\t<section class=\"has_eae_slider elementor-section elementor-top-section elementor-element elementor-element-fe17c79 elementor-section-boxed elementor-section-height-default elementor-section-height-default eltdf-parallax-row-no eltdf-content-aligment-left eltdf-elementor-row-grid-no eltdf-disabled-bg-image-bellow-no\" data-eae-slider=\"50372\" data-id=\"fe17c79\" data-element_type=\"section\">\n\t\t\t\t\t\t<div class=\"elementor-container elementor-column-gap-default\">\n\t\t\t\t\t<div class=\"has_eae_slider elementor-column elementor-col-100 elementor-top-column elementor-element elementor-element-95ed40e\" data-eae-slider=\"19293\" data-id=\"95ed40e\" data-element_type=\"column\">\n\t\t\t<div class=\"elementor-widget-wrap elementor-element-populated\">\n\t\t\t\t\t\t<div class=\"elementor-element elementor-element-e0c6cd2 elementor-widget elementor-widget-eltdf_cf7\" data-id=\"e0c6cd2\" data-element_type=\"widget\" data-widget_type=\"eltdf_cf7.default\">\n\t\t\t\t<div class=\"elementor-widget-container\">\n\t\t\t\t\t    \n<div class=\"wpcf7 no-js\" id=\"wpcf7-f6893-o1\" lang=\"ca\" dir=\"ltr\" data-wpcf7-id=\"6893\">\n<div class=\"screen-reader-response\"><p role=\"status\" aria-live=\"polite\" aria-atomic=\"true\"><\/p> <ul><\/ul><\/div>\n<form action=\"\/ca\/wp-json\/wp\/v2\/pages\/6964#wpcf7-f6893-o1\" method=\"post\" class=\"wpcf7-form init\" aria-label=\"Formulari de contacte\" novalidate=\"novalidate\" data-status=\"init\">\n<fieldset class=\"hidden-fields-container\"><input type=\"hidden\" name=\"_wpcf7\" value=\"6893\" \/><input type=\"hidden\" name=\"_wpcf7_version\" value=\"6.1.5\" \/><input type=\"hidden\" name=\"_wpcf7_locale\" value=\"ca\" \/><input type=\"hidden\" name=\"_wpcf7_unit_tag\" value=\"wpcf7-f6893-o1\" \/><input type=\"hidden\" name=\"_wpcf7_container_post\" value=\"0\" \/><input type=\"hidden\" name=\"_wpcf7_posted_data_hash\" value=\"\" \/><input type=\"hidden\" name=\"_wpcf7_recaptcha_response\" value=\"\" \/>\n<\/fieldset>\n<p><label> Persona de contacte*<br \/>\n<span class=\"wpcf7-form-control-wrap\" data-name=\"your-name\"><input size=\"40\" maxlength=\"400\" class=\"wpcf7-form-control wpcf7-text wpcf7-validates-as-required\" aria-required=\"true\" aria-invalid=\"false\" value=\"\" type=\"text\" name=\"your-name\" \/><\/span> <\/label>\n<\/p>\n<p><label>Tel\u00e8fon*<br \/>\n<span class=\"wpcf7-form-control-wrap\" data-name=\"tel-704\"><input size=\"40\" maxlength=\"400\" class=\"wpcf7-form-control wpcf7-tel wpcf7-validates-as-required wpcf7-text wpcf7-validates-as-tel\" aria-required=\"true\" aria-invalid=\"false\" value=\"\" type=\"tel\" name=\"tel-704\" \/><\/span><\/label>\n<\/p>\n<p><label> Data*<br \/>\n<span class=\"wpcf7-form-control-wrap\" data-name=\"date-580\"><input class=\"wpcf7-form-control wpcf7-date wpcf7-validates-as-required wpcf7-validates-as-date\" aria-required=\"true\" aria-invalid=\"false\" value=\"\" type=\"date\" name=\"date-580\" \/><\/span><\/label>\n<\/p>\n<p><label> Comensals*<br \/>\n<span class=\"wpcf7-form-control-wrap\" data-name=\"comensales\"><input class=\"wpcf7-form-control wpcf7-number wpcf7-validates-as-required wpcf7-validates-as-number\" min=\"1\" aria-required=\"true\" aria-invalid=\"false\" value=\"\" type=\"number\" name=\"comensales\" \/><\/span><\/label>\n<\/p>\n<p><label> E-mail*<br \/>\n<span class=\"wpcf7-form-control-wrap\" data-name=\"your-email\"><input size=\"40\" maxlength=\"400\" class=\"wpcf7-form-control wpcf7-email wpcf7-validates-as-required wpcf7-text wpcf7-validates-as-email\" aria-required=\"true\" aria-invalid=\"false\" value=\"\" type=\"email\" name=\"your-email\" \/><\/span> <\/label>\n<\/p>\n<p><label> Comentaris*<br \/>\n<span class=\"wpcf7-form-control-wrap\" data-name=\"your-message\"><textarea cols=\"40\" rows=\"10\" maxlength=\"2000\" class=\"wpcf7-form-control wpcf7-textarea wpcf7-validates-as-required\" aria-required=\"true\" aria-invalid=\"false\" name=\"your-message\"><\/textarea><\/span> <\/label>\n<\/p>\n<p><span class=\"wpcf7-form-control-wrap\" data-name=\"acceptance-761\"><span class=\"wpcf7-form-control wpcf7-acceptance\"><span class=\"wpcf7-list-item\"><label><input type=\"checkbox\" name=\"acceptance-761\" value=\"1\" aria-invalid=\"false\" \/><span class=\"wpcf7-list-item-label\">He llegit i accepto la <a href=\"\/ca\/politica-de-privacitat\" target=\"_blank\">Pol\u00edtica de privacitat<\/a><\/span><\/label><\/span><\/span><\/span>\n<\/p>\n<p><button class=\"wpcf7-form-control wpcf7-submit eltdf-btn eltdf-btn-medium eltdf-btn-outline\" type=\"submit\"><span class=\"eltdf-btn-text\">Enviar<\/span><\/button>\n<\/p>\n<p>*Campos obligatorios\n<\/p><p style=\"display: none !important;\" class=\"akismet-fields-container\" data-prefix=\"_wpcf7_ak_\"><label>&#916;<textarea name=\"_wpcf7_ak_hp_textarea\" cols=\"45\" rows=\"8\" maxlength=\"100\"><\/textarea><\/label><input type=\"hidden\" id=\"ak_js_1\" name=\"_wpcf7_ak_js\" value=\"134\"\/><script>document.getElementById( \"ak_js_1\" ).setAttribute( \"value\", ( new Date() ).getTime() );<\/script><\/p><div class=\"wpcf7-response-output\" aria-hidden=\"true\"><\/div>\n<\/form>\n<\/div>\n\t\t\t\t<\/div>\n\t\t\t\t<\/div>\n\t\t\t\t\t<\/div>\n\t\t<\/div>\n\t\t\t\t\t<\/div>\n\t\t<\/section>\n\t\t\t\t<\/div>\n\t\t","protected":false},"excerpt":{"rendered":"<p>Casaments A Can Travi Nou podreu gaudir d&#8217;una situaci\u00f3 privilegiada en una masia del segle XVII. La fa\u00e7ana plena de flors i les magn\u00edfiques i cuidades estades et traslladaran a una altra \u00e8poca. Sens dubte, un lloc \u00fanic i inoblidable [&hellip;]<\/p>\n","protected":false},"author":1,"featured_media":0,"parent":0,"menu_order":0,"comment_status":"closed","ping_status":"closed","template":"full-width.php","meta":{"footnotes":""},"class_list":["post-6964","page","type-page","status-publish","hentry"],"yoast_head":"<!-- This site is optimized with the Yoast SEO plugin v27.4 - https:\/\/yoast.com\/product\/yoast-seo-wordpress\/ -->\n<title>Casaments - Can Travi Nou<\/title>\n<meta name=\"description\" content=\"Deixeu als vostres convidats impressionats dins d&#039;un espai inigualable. Des de el primer moment tot el nostre quip estar\u00e0 al vostre costat.\" \/>\n<meta name=\"robots\" content=\"index, follow, max-snippet:-1, max-image-preview:large, max-video-preview:-1\" \/>\n<link rel=\"canonical\" href=\"https:\/\/cantravinou.com\/ca\/casaments\/\" \/>\n<meta property=\"og:locale\" content=\"ca_ES\" \/>\n<meta property=\"og:type\" content=\"article\" \/>\n<meta property=\"og:title\" content=\"Casaments\" \/>\n<meta property=\"og:description\" content=\"Deixeu als vostres convidats impressionats dins d&#039;un espai inigualable. Des de el primer moment tot el nostre quip estar\u00e0 al vostre costat.\" \/>\n<meta property=\"og:url\" content=\"https:\/\/cantravinou.com\/ca\/casaments\/\" \/>\n<meta property=\"og:site_name\" content=\"Can Travi Nou\" \/>\n<meta property=\"article:publisher\" content=\"https:\/\/www.facebook.com\/cantravinou\/\" \/>\n<meta property=\"article:modified_time\" content=\"2022-02-16T16:57:55+00:00\" \/>\n<meta property=\"og:image\" content=\"https:\/\/cantravinou.com\/wp-content\/uploads\/2021\/11\/BODA_PAT.jpg\" \/>\n\t<meta property=\"og:image:width\" content=\"494\" \/>\n\t<meta property=\"og:image:height\" content=\"329\" \/>\n\t<meta property=\"og:image:type\" content=\"image\/jpeg\" \/>\n<meta name=\"twitter:card\" content=\"summary_large_image\" \/>\n<meta name=\"twitter:title\" content=\"Casaments\" \/>\n<meta name=\"twitter:description\" content=\"Deixeu als vostres convidats impressionats dins d&#039;un espai inigualable. Des de el primer moment tot el nostre quip estar\u00e0 al vostre costat.\" \/>\n<meta name=\"twitter:image\" content=\"https:\/\/cantravinou.com\/wp-content\/uploads\/2021\/11\/BODA_PAT-2.jpg\" \/>\n<meta name=\"twitter:label1\" content=\"Temps estimat de lectura\" \/>\n\t<meta name=\"twitter:data1\" content=\"13 minuts\" \/>\n<script type=\"application\/ld+json\" class=\"yoast-schema-graph\">{\"@context\":\"https:\\\/\\\/schema.org\",\"@graph\":[{\"@type\":\"WebPage\",\"@id\":\"https:\\\/\\\/cantravinou.com\\\/ca\\\/casaments\\\/\",\"url\":\"https:\\\/\\\/cantravinou.com\\\/ca\\\/casaments\\\/\",\"name\":\"Casaments - Can Travi Nou\",\"isPartOf\":{\"@id\":\"https:\\\/\\\/cantravinou.com\\\/ca\\\/#website\"},\"primaryImageOfPage\":{\"@id\":\"https:\\\/\\\/cantravinou.com\\\/ca\\\/casaments\\\/#primaryimage\"},\"image\":{\"@id\":\"https:\\\/\\\/cantravinou.com\\\/ca\\\/casaments\\\/#primaryimage\"},\"thumbnailUrl\":\"https:\\\/\\\/cantravinou.com\\\/wp-content\\\/uploads\\\/2021\\\/11\\\/JLS1853-1-scaled.jpg\",\"datePublished\":\"2021-11-11T08:35:30+00:00\",\"dateModified\":\"2022-02-16T16:57:55+00:00\",\"description\":\"Deixeu als vostres convidats impressionats dins d'un espai inigualable. Des de el primer moment tot el nostre quip estar\u00e0 al vostre costat.\",\"breadcrumb\":{\"@id\":\"https:\\\/\\\/cantravinou.com\\\/ca\\\/casaments\\\/#breadcrumb\"},\"inLanguage\":\"ca\",\"potentialAction\":[{\"@type\":\"ReadAction\",\"target\":[\"https:\\\/\\\/cantravinou.com\\\/ca\\\/casaments\\\/\"]}]},{\"@type\":\"ImageObject\",\"inLanguage\":\"ca\",\"@id\":\"https:\\\/\\\/cantravinou.com\\\/ca\\\/casaments\\\/#primaryimage\",\"url\":\"https:\\\/\\\/cantravinou.com\\\/wp-content\\\/uploads\\\/2021\\\/11\\\/JLS1853-1-scaled.jpg\",\"contentUrl\":\"https:\\\/\\\/cantravinou.com\\\/wp-content\\\/uploads\\\/2021\\\/11\\\/JLS1853-1-scaled.jpg\"},{\"@type\":\"BreadcrumbList\",\"@id\":\"https:\\\/\\\/cantravinou.com\\\/ca\\\/casaments\\\/#breadcrumb\",\"itemListElement\":[{\"@type\":\"ListItem\",\"position\":1,\"name\":\"Portada\",\"item\":\"https:\\\/\\\/cantravinou.com\\\/ca\\\/\"},{\"@type\":\"ListItem\",\"position\":2,\"name\":\"Casaments\"}]},{\"@type\":\"WebSite\",\"@id\":\"https:\\\/\\\/cantravinou.com\\\/ca\\\/#website\",\"url\":\"https:\\\/\\\/cantravinou.com\\\/ca\\\/\",\"name\":\"Can Travi Nou\",\"description\":\"\",\"publisher\":{\"@id\":\"https:\\\/\\\/cantravinou.com\\\/ca\\\/#organization\"},\"potentialAction\":[{\"@type\":\"SearchAction\",\"target\":{\"@type\":\"EntryPoint\",\"urlTemplate\":\"https:\\\/\\\/cantravinou.com\\\/ca\\\/?s={search_term_string}\"},\"query-input\":{\"@type\":\"PropertyValueSpecification\",\"valueRequired\":true,\"valueName\":\"search_term_string\"}}],\"inLanguage\":\"ca\"},{\"@type\":\"Organization\",\"@id\":\"https:\\\/\\\/cantravinou.com\\\/ca\\\/#organization\",\"name\":\"Can Travi Nou\",\"url\":\"https:\\\/\\\/cantravinou.com\\\/ca\\\/\",\"logo\":{\"@type\":\"ImageObject\",\"inLanguage\":\"ca\",\"@id\":\"https:\\\/\\\/cantravinou.com\\\/ca\\\/#\\\/schema\\\/logo\\\/image\\\/\",\"url\":\"https:\\\/\\\/cantravinou.com\\\/wp-content\\\/uploads\\\/2021\\\/09\\\/logo.png\",\"contentUrl\":\"https:\\\/\\\/cantravinou.com\\\/wp-content\\\/uploads\\\/2021\\\/09\\\/logo.png\",\"width\":203,\"height\":203,\"caption\":\"Can Travi Nou\"},\"image\":{\"@id\":\"https:\\\/\\\/cantravinou.com\\\/ca\\\/#\\\/schema\\\/logo\\\/image\\\/\"},\"sameAs\":[\"https:\\\/\\\/www.facebook.com\\\/cantravinou\\\/\",\"https:\\\/\\\/www.instagram.com\\\/cantravinou\\\/\"]}]}<\/script>\n<!-- \/ Yoast SEO plugin. -->","yoast_head_json":{"title":"Casaments - Can Travi Nou","description":"Deixeu als vostres convidats impressionats dins d'un espai inigualable. Des de el primer moment tot el nostre quip estar\u00e0 al vostre costat.","robots":{"index":"index","follow":"follow","max-snippet":"max-snippet:-1","max-image-preview":"max-image-preview:large","max-video-preview":"max-video-preview:-1"},"canonical":"https:\/\/cantravinou.com\/ca\/casaments\/","og_locale":"ca_ES","og_type":"article","og_title":"Casaments","og_description":"Deixeu als vostres convidats impressionats dins d'un espai inigualable. Des de el primer moment tot el nostre quip estar\u00e0 al vostre costat.","og_url":"https:\/\/cantravinou.com\/ca\/casaments\/","og_site_name":"Can Travi Nou","article_publisher":"https:\/\/www.facebook.com\/cantravinou\/","article_modified_time":"2022-02-16T16:57:55+00:00","og_image":[{"width":494,"height":329,"url":"https:\/\/cantravinou.com\/wp-content\/uploads\/2021\/11\/BODA_PAT.jpg","type":"image\/jpeg"}],"twitter_card":"summary_large_image","twitter_title":"Casaments","twitter_description":"Deixeu als vostres convidats impressionats dins d'un espai inigualable. Des de el primer moment tot el nostre quip estar\u00e0 al vostre costat.","twitter_image":"https:\/\/cantravinou.com\/wp-content\/uploads\/2021\/11\/BODA_PAT-2.jpg","twitter_misc":{"Temps estimat de lectura":"13 minuts"},"schema":{"@context":"https:\/\/schema.org","@graph":[{"@type":"WebPage","@id":"https:\/\/cantravinou.com\/ca\/casaments\/","url":"https:\/\/cantravinou.com\/ca\/casaments\/","name":"Casaments - Can Travi Nou","isPartOf":{"@id":"https:\/\/cantravinou.com\/ca\/#website"},"primaryImageOfPage":{"@id":"https:\/\/cantravinou.com\/ca\/casaments\/#primaryimage"},"image":{"@id":"https:\/\/cantravinou.com\/ca\/casaments\/#primaryimage"},"thumbnailUrl":"https:\/\/cantravinou.com\/wp-content\/uploads\/2021\/11\/JLS1853-1-scaled.jpg","datePublished":"2021-11-11T08:35:30+00:00","dateModified":"2022-02-16T16:57:55+00:00","description":"Deixeu als vostres convidats impressionats dins d'un espai inigualable. Des de el primer moment tot el nostre quip estar\u00e0 al vostre costat.","breadcrumb":{"@id":"https:\/\/cantravinou.com\/ca\/casaments\/#breadcrumb"},"inLanguage":"ca","potentialAction":[{"@type":"ReadAction","target":["https:\/\/cantravinou.com\/ca\/casaments\/"]}]},{"@type":"ImageObject","inLanguage":"ca","@id":"https:\/\/cantravinou.com\/ca\/casaments\/#primaryimage","url":"https:\/\/cantravinou.com\/wp-content\/uploads\/2021\/11\/JLS1853-1-scaled.jpg","contentUrl":"https:\/\/cantravinou.com\/wp-content\/uploads\/2021\/11\/JLS1853-1-scaled.jpg"},{"@type":"BreadcrumbList","@id":"https:\/\/cantravinou.com\/ca\/casaments\/#breadcrumb","itemListElement":[{"@type":"ListItem","position":1,"name":"Portada","item":"https:\/\/cantravinou.com\/ca\/"},{"@type":"ListItem","position":2,"name":"Casaments"}]},{"@type":"WebSite","@id":"https:\/\/cantravinou.com\/ca\/#website","url":"https:\/\/cantravinou.com\/ca\/","name":"Can Travi Nou","description":"","publisher":{"@id":"https:\/\/cantravinou.com\/ca\/#organization"},"potentialAction":[{"@type":"SearchAction","target":{"@type":"EntryPoint","urlTemplate":"https:\/\/cantravinou.com\/ca\/?s={search_term_string}"},"query-input":{"@type":"PropertyValueSpecification","valueRequired":true,"valueName":"search_term_string"}}],"inLanguage":"ca"},{"@type":"Organization","@id":"https:\/\/cantravinou.com\/ca\/#organization","name":"Can Travi Nou","url":"https:\/\/cantravinou.com\/ca\/","logo":{"@type":"ImageObject","inLanguage":"ca","@id":"https:\/\/cantravinou.com\/ca\/#\/schema\/logo\/image\/","url":"https:\/\/cantravinou.com\/wp-content\/uploads\/2021\/09\/logo.png","contentUrl":"https:\/\/cantravinou.com\/wp-content\/uploads\/2021\/09\/logo.png","width":203,"height":203,"caption":"Can Travi Nou"},"image":{"@id":"https:\/\/cantravinou.com\/ca\/#\/schema\/logo\/image\/"},"sameAs":["https:\/\/www.facebook.com\/cantravinou\/","https:\/\/www.instagram.com\/cantravinou\/"]}]}},"_links":{"self":[{"href":"https:\/\/cantravinou.com\/ca\/wp-json\/wp\/v2\/pages\/6964","targetHints":{"allow":["GET"]}}],"collection":[{"href":"https:\/\/cantravinou.com\/ca\/wp-json\/wp\/v2\/pages"}],"about":[{"href":"https:\/\/cantravinou.com\/ca\/wp-json\/wp\/v2\/types\/page"}],"author":[{"embeddable":true,"href":"https:\/\/cantravinou.com\/ca\/wp-json\/wp\/v2\/users\/1"}],"replies":[{"embeddable":true,"href":"https:\/\/cantravinou.com\/ca\/wp-json\/wp\/v2\/comments?post=6964"}],"version-history":[{"count":3,"href":"https:\/\/cantravinou.com\/ca\/wp-json\/wp\/v2\/pages\/6964\/revisions"}],"predecessor-version":[{"id":7992,"href":"https:\/\/cantravinou.com\/ca\/wp-json\/wp\/v2\/pages\/6964\/revisions\/7992"}],"wp:attachment":[{"href":"https:\/\/cantravinou.com\/ca\/wp-json\/wp\/v2\/media?parent=6964"}],"curies":[{"name":"wp","href":"https:\/\/api.w.org\/{rel}","templated":true}]}}